{"id":15,"date":"2021-11-16T15:38:43","date_gmt":"2021-11-16T14:38:43","guid":{"rendered":"https:\/\/1sitewebpro.fr\/naturopathie\/?page_id=15"},"modified":"2022-04-13T12:39:48","modified_gmt":"2022-04-13T10:39:48","slug":"mentions-legales","status":"publish","type":"page","link":"https:\/\/1sitewebpro.fr\/naturopathie\/mentions-legales\/","title":{"rendered":"Mentions l\u00e9gales"},"content":{"rendered":"<style>.elementor-15 .elementor-element.elementor-element-52625e47 > .elementor-container{max-width:1200px;}.elementor-15 .elementor-element.elementor-element-52625e47{margin-top:30px;margin-bottom:30px;padding:0px 0px 0px 0px;}.elementor-widget-heading .elementor-heading-title{font-family:var( --e-global-typography-primary-font-family ), Sans-serif;font-weight:var( --e-global-typography-primary-font-weight );color:var( --e-global-color-primary );}.elementor-15 .elementor-element.elementor-element-2f7ef339{text-align:center;}.elementor-15 .elementor-element.elementor-element-2f7ef339 .elementor-heading-title{font-family:\"Amatic SC\", Sans-serif;font-size:43px;font-weight:600;text-decoration:underline;color:#54A15F;}.elementor-15 .elementor-element.elementor-element-2f7ef339 > .elementor-widget-container{margin:0px 0px 0px 0px;padding:0px 0px 0px 0px;}.elementor-15 .elementor-element.elementor-element-48d14ea3 > .elementor-container{max-width:1200px;}.elementor-15 .elementor-element.elementor-element-48d14ea3{transition:background 0.3s, border 0.3s, border-radius 0.3s, box-shadow 0.3s;margin-top:0px;margin-bottom:30px;padding:0px 0px 0px 0px;}.elementor-15 .elementor-element.elementor-element-48d14ea3 > .elementor-background-overlay{transition:background 0.3s, border-radius 0.3s, opacity 0.3s;}.elementor-15 .elementor-element.elementor-element-7ade4808:not(.elementor-motion-effects-element-type-background) > .elementor-widget-wrap, .elementor-15 .elementor-element.elementor-element-7ade4808 > .elementor-widget-wrap > .elementor-motion-effects-container > .elementor-motion-effects-layer{background-color:#F2F2F2;}.elementor-15 .elementor-element.elementor-element-7ade4808 > .elementor-element-populated{border-style:dotted;border-width:1px 1px 1px 1px;transition:background 0.3s, border 0.3s, border-radius 0.3s, box-shadow 0.3s;padding:15px 15px 15px 15px;}.elementor-15 .elementor-element.elementor-element-7ade4808 > .elementor-element-populated > .elementor-background-overlay{transition:background 0.3s, border-radius 0.3s, opacity 0.3s;}.elementor-widget-text-editor{font-family:var( --e-global-typography-text-font-family ), Sans-serif;font-weight:var( --e-global-typography-text-font-weight );color:var( --e-global-color-text );}.elementor-widget-text-editor.elementor-drop-cap-view-stacked .elementor-drop-cap{background-color:var( --e-global-color-primary );}.elementor-widget-text-editor.elementor-drop-cap-view-framed .elementor-drop-cap, .elementor-widget-text-editor.elementor-drop-cap-view-default .elementor-drop-cap{color:var( --e-global-color-primary );border-color:var( --e-global-color-primary );}.elementor-15 .elementor-element.elementor-element-328ed972{text-align:center;font-family:\"Roboto Slab\", Sans-serif;font-size:18px;font-weight:400;}.elementor-15 .elementor-element.elementor-element-328ed972 > .elementor-widget-container{margin:0px 0px 0px 0px;padding:0px 0px 0px 0px;}.elementor-widget-button .elementor-button{font-family:var( --e-global-typography-accent-font-family ), Sans-serif;font-weight:var( --e-global-typography-accent-font-weight );background-color:var( --e-global-color-accent );}.elementor-15 .elementor-element.elementor-element-8cee1f0 .elementor-button{font-family:\"Roboto\", Sans-serif;font-size:21px;font-weight:500;fill:#FFFFFF;color:#FFFFFF;background-color:#61A9CE;border-style:solid;border-width:1px 1px 1px 1px;border-color:var( --e-global-color-text );border-radius:0px 0px 0px 0px;}.elementor-15 .elementor-element.elementor-element-8cee1f0{width:auto;max-width:auto;bottom:0px;z-index:10;}body:not(.rtl) .elementor-15 .elementor-element.elementor-element-8cee1f0{right:0px;}body.rtl .elementor-15 .elementor-element.elementor-element-8cee1f0{left:0px;}@media(max-width:1024px){.elementor-15 .elementor-element.elementor-element-8cee1f0 .elementor-button{font-size:19px;border-width:1px 1px 1px 1px;}.elementor-15 .elementor-element.elementor-element-8cee1f0{width:auto;max-width:auto;}}<\/style>\t\t<div data-elementor-type=\"wp-page\" data-elementor-id=\"15\" class=\"elementor elementor-15\" data-elementor-post-type=\"page\">\n\t\t\t\t\t\t<section class=\"elementor-section elementor-top-section elementor-element elementor-element-52625e47 elementor-section-boxed elementor-section-height-default elementor-section-height-default\" data-id=\"52625e47\" data-element_type=\"section\" data-e-type=\"section\">\n\t\t\t\t\t\t<div class=\"elementor-container elementor-column-gap-default\">\n\t\t\t\t\t<div class=\"elementor-column elementor-col-100 elementor-top-column elementor-element elementor-element-527789b7\" data-id=\"527789b7\" data-element_type=\"column\" data-e-type=\"column\">\n\t\t\t<div class=\"elementor-widget-wrap elementor-element-populated\">\n\t\t\t\t\t\t<div class=\"elementor-element elementor-element-2f7ef339 elementor-widget elementor-widget-heading\" data-id=\"2f7ef339\" data-element_type=\"widget\" data-e-type=\"widget\" data-widget_type=\"heading.default\">\n\t\t\t\t<div class=\"elementor-widget-container\">\n\t\t\t\t\t<h1 class=\"elementor-heading-title elementor-size-default\">Mentions l\u00e9gales<\/h1>\t\t\t\t<\/div>\n\t\t\t\t<\/div>\n\t\t\t\t\t<\/div>\n\t\t<\/div>\n\t\t\t\t\t<\/div>\n\t\t<\/section>\n\t\t\t\t<section class=\"elementor-section elementor-top-section elementor-element elementor-element-48d14ea3 elementor-section-boxed elementor-section-height-default elementor-section-height-default\" data-id=\"48d14ea3\" data-element_type=\"section\" data-e-type=\"section\" data-settings=\"{&quot;background_background&quot;:&quot;classic&quot;}\">\n\t\t\t\t\t\t<div class=\"elementor-container elementor-column-gap-default\">\n\t\t\t\t\t<div class=\"elementor-column elementor-col-100 elementor-top-column elementor-element elementor-element-7ade4808\" data-id=\"7ade4808\" data-element_type=\"column\" data-e-type=\"column\" data-settings=\"{&quot;background_background&quot;:&quot;classic&quot;}\">\n\t\t\t<div class=\"elementor-widget-wrap elementor-element-populated\">\n\t\t\t\t\t\t<div class=\"elementor-element elementor-element-328ed972 elementor-widget elementor-widget-text-editor\" data-id=\"328ed972\" data-element_type=\"widget\" data-e-type=\"widget\" data-widget_type=\"text-editor.default\">\n\t\t\t\t<div class=\"elementor-widget-container\">\n\t\t\t\t\t\t\t\t\t<p>Ce site est une maquette, un exemple de site web destin\u00e9 \u00e0 promouvoir l&rsquo;activit\u00e9 de <a href=\"https:\/\/1sitewebpro.fr\">1sitewebpro.fr<\/a>.<\/p><p>Par cons\u00e9quent, merci de vous r\u00e9f\u00e9rer aux mentions l\u00e9gales figurant sur le site <a href=\"https:\/\/1sitewebpro.fr\">1sitewebpro.fr<\/a>.<\/p>\t\t\t\t\t\t\t\t<\/div>\n\t\t\t\t<\/div>\n\t\t\t\t<div class=\"elementor-element elementor-element-8cee1f0 elementor-align-center elementor-widget__width-auto elementor-widget-tablet__width-auto elementor-fixed elementor-widget elementor-widget-button\" data-id=\"8cee1f0\" data-element_type=\"widget\" data-e-type=\"widget\" data-settings=\"{&quot;_position&quot;:&quot;fixed&quot;}\" data-widget_type=\"button.default\">\n\t\t\t\t<div class=\"elementor-widget-container\">\n\t\t\t\t\t\t\t\t\t<div class=\"elementor-button-wrapper\">\n\t\t\t\t\t<a class=\"elementor-button elementor-button-link elementor-size-md\" href=\"https:\/\/1sitewebpro.fr\">\n\t\t\t\t\t\t<span class=\"elementor-button-content-wrapper\">\n\t\t\t\t\t\t\t\t\t<span class=\"elementor-button-text\">Revenir sur 1sitewebpro.fr<\/span>\n\t\t\t\t\t<\/span>\n\t\t\t\t\t<\/a>\n\t\t\t\t<\/div>\n\t\t\t\t\t\t\t\t<\/div>\n\t\t\t\t<\/div>\n\t\t\t\t\t<\/div>\n\t\t<\/div>\n\t\t\t\t\t<\/div>\n\t\t<\/section>\n\t\t\t\t<\/div>\n\t\t","protected":false},"excerpt":{"rendered":"<p>Mentions l\u00e9gales Ce site est une maquette, un exemple de site web destin\u00e9 \u00e0 promouvoir l&rsquo;activit\u00e9 de 1sitewebpro.fr. Par cons\u00e9quent, merci de vous r\u00e9f\u00e9rer aux mentions l\u00e9gales figurant sur le site 1sitewebpro.fr. Revenir sur 1sitewebpro.fr<\/p>\n","protected":false},"author":1,"featured_media":0,"parent":0,"menu_order":0,"comment_status":"closed","ping_status":"closed","template":"elementor_header_footer","meta":{"footnotes":""},"class_list":["post-15","page","type-page","status-publish","hentry"],"_links":{"self":[{"href":"https:\/\/1sitewebpro.fr\/naturopathie\/wp-json\/wp\/v2\/pages\/15","targetHints":{"allow":["GET"]}}],"collection":[{"href":"https:\/\/1sitewebpro.fr\/naturopathie\/wp-json\/wp\/v2\/pages"}],"about":[{"href":"https:\/\/1sitewebpro.fr\/naturopathie\/wp-json\/wp\/v2\/types\/page"}],"author":[{"embeddable":true,"href":"https:\/\/1sitewebpro.fr\/naturopathie\/wp-json\/wp\/v2\/users\/1"}],"replies":[{"embeddable":true,"href":"https:\/\/1sitewebpro.fr\/naturopathie\/wp-json\/wp\/v2\/comments?post=15"}],"version-history":[{"count":37,"href":"https:\/\/1sitewebpro.fr\/naturopathie\/wp-json\/wp\/v2\/pages\/15\/revisions"}],"predecessor-version":[{"id":387,"href":"https:\/\/1sitewebpro.fr\/naturopathie\/wp-json\/wp\/v2\/pages\/15\/revisions\/387"}],"wp:attachment":[{"href":"https:\/\/1sitewebpro.fr\/naturopathie\/wp-json\/wp\/v2\/media?parent=15"}],"curies":[{"name":"wp","href":"https:\/\/api.w.org\/{rel}","templated":true}]}}