{"id":12,"date":"2021-11-16T17:28:22","date_gmt":"2021-11-16T16:28:22","guid":{"rendered":"https:\/\/1sitewebpro.fr\/plomberie\/?page_id=12"},"modified":"2022-04-13T12:45:24","modified_gmt":"2022-04-13T10:45:24","slug":"mentions-legales","status":"publish","type":"page","link":"https:\/\/1sitewebpro.fr\/plomberie\/mentions-legales\/","title":{"rendered":"Mentions l\u00e9gales"},"content":{"rendered":"<style>.elementor-12 .elementor-element.elementor-element-300bf72f{padding:50px 50px 50px 50px;}.elementor-widget-heading .elementor-heading-title{font-family:var( --e-global-typography-primary-font-family ), Sans-serif;font-weight:var( --e-global-typography-primary-font-weight );color:var( --e-global-color-primary );}.elementor-12 .elementor-element.elementor-element-548c36b4{text-align:center;}.elementor-12 .elementor-element.elementor-element-548c36b4 .elementor-heading-title{font-family:\"Arima Madurai\", Sans-serif;font-size:40px;font-weight:500;}.elementor-widget-text-editor{font-family:var( --e-global-typography-text-font-family ), Sans-serif;font-weight:var( --e-global-typography-text-font-weight );color:var( --e-global-color-text );}.elementor-widget-text-editor.elementor-drop-cap-view-stacked .elementor-drop-cap{background-color:var( --e-global-color-primary );}.elementor-widget-text-editor.elementor-drop-cap-view-framed .elementor-drop-cap, .elementor-widget-text-editor.elementor-drop-cap-view-default .elementor-drop-cap{color:var( --e-global-color-primary );border-color:var( --e-global-color-primary );}.elementor-12 .elementor-element.elementor-element-3dca27d{text-align:center;font-family:\"DM Sans\", Sans-serif;font-weight:400;line-height:1em;}.elementor-widget-button .elementor-button{font-family:var( --e-global-typography-accent-font-family ), Sans-serif;font-weight:var( --e-global-typography-accent-font-weight );background-color:var( --e-global-color-accent );}.elementor-12 .elementor-element.elementor-element-db5bec4 .elementor-button{font-family:\"Roboto\", Sans-serif;font-size:21px;font-weight:500;fill:#FFFFFF;color:#FFFFFF;background-color:#5FBFD8;border-style:solid;border-width:1px 1px 1px 1px;border-color:var( --e-global-color-text );border-radius:0px 0px 0px 0px;}.elementor-12 .elementor-element.elementor-element-db5bec4{width:auto;max-width:auto;bottom:0px;z-index:10;}body:not(.rtl) .elementor-12 .elementor-element.elementor-element-db5bec4{right:0px;}body.rtl .elementor-12 .elementor-element.elementor-element-db5bec4{left:0px;}@media(max-width:1024px){.elementor-12 .elementor-element.elementor-element-db5bec4 .elementor-button{font-size:19px;border-width:1px 1px 1px 1px;}.elementor-12 .elementor-element.elementor-element-db5bec4{width:auto;max-width:auto;}}<\/style>\t\t<div data-elementor-type=\"wp-page\" data-elementor-id=\"12\" class=\"elementor elementor-12\" data-elementor-post-type=\"page\">\n\t\t\t\t\t\t<section class=\"elementor-section elementor-top-section elementor-element elementor-element-300bf72f elementor-section-boxed elementor-section-height-default elementor-section-height-default\" data-id=\"300bf72f\" data-element_type=\"section\" data-e-type=\"section\">\n\t\t\t\t\t\t<div class=\"elementor-container elementor-column-gap-default\">\n\t\t\t\t\t<div class=\"elementor-column elementor-col-100 elementor-top-column elementor-element elementor-element-153bfed1\" data-id=\"153bfed1\" data-element_type=\"column\" data-e-type=\"column\">\n\t\t\t<div class=\"elementor-widget-wrap elementor-element-populated\">\n\t\t\t\t\t\t<div class=\"elementor-element elementor-element-548c36b4 elementor-widget elementor-widget-heading\" data-id=\"548c36b4\" data-element_type=\"widget\" data-e-type=\"widget\" data-widget_type=\"heading.default\">\n\t\t\t\t<div class=\"elementor-widget-container\">\n\t\t\t\t\t<h2 class=\"elementor-heading-title elementor-size-default\">Mentions L\u00e9gales<\/h2>\t\t\t\t<\/div>\n\t\t\t\t<\/div>\n\t\t\t\t<div class=\"elementor-element elementor-element-3dca27d elementor-widget elementor-widget-text-editor\" data-id=\"3dca27d\" data-element_type=\"widget\" data-e-type=\"widget\" data-widget_type=\"text-editor.default\">\n\t\t\t\t<div class=\"elementor-widget-container\">\n\t\t\t\t\t\t\t\t\t<p>Ce site est une maquette, un exemple de site web destin\u00e9 \u00e0 promouvoir l&rsquo;activit\u00e9 de <a href=\"https:\/\/1sitewebpro.fr\">1sitewebpro.fr<\/a>.<\/p><p>Par cons\u00e9quent, merci de vous r\u00e9f\u00e9rer aux mentions l\u00e9gales figurant sur le site <a href=\"https:\/\/1sitewebpro.fr\">1sitewebpro.fr<\/a>.<\/p>\t\t\t\t\t\t\t\t<\/div>\n\t\t\t\t<\/div>\n\t\t\t\t<div class=\"elementor-element elementor-element-db5bec4 elementor-align-center elementor-widget__width-auto elementor-widget-tablet__width-auto elementor-fixed elementor-widget elementor-widget-button\" data-id=\"db5bec4\" data-element_type=\"widget\" data-e-type=\"widget\" data-settings=\"{&quot;_position&quot;:&quot;fixed&quot;}\" data-widget_type=\"button.default\">\n\t\t\t\t<div class=\"elementor-widget-container\">\n\t\t\t\t\t\t\t\t\t<div class=\"elementor-button-wrapper\">\n\t\t\t\t\t<a class=\"elementor-button elementor-button-link elementor-size-md\" href=\"https:\/\/1sitewebpro.fr\">\n\t\t\t\t\t\t<span class=\"elementor-button-content-wrapper\">\n\t\t\t\t\t\t\t\t\t<span class=\"elementor-button-text\">Revenir sur 1sitewebpro.fr<\/span>\n\t\t\t\t\t<\/span>\n\t\t\t\t\t<\/a>\n\t\t\t\t<\/div>\n\t\t\t\t\t\t\t\t<\/div>\n\t\t\t\t<\/div>\n\t\t\t\t\t<\/div>\n\t\t<\/div>\n\t\t\t\t\t<\/div>\n\t\t<\/section>\n\t\t\t\t<\/div>\n\t\t","protected":false},"excerpt":{"rendered":"<p>Mentions L\u00e9gales Ce site est une maquette, un exemple de site web destin\u00e9 \u00e0 promouvoir l&rsquo;activit\u00e9 de 1sitewebpro.fr. Par cons\u00e9quent, merci de vous r\u00e9f\u00e9rer aux mentions l\u00e9gales figurant sur le site 1sitewebpro.fr. Revenir sur 1sitewebpro.fr<\/p>\n","protected":false},"author":1,"featured_media":0,"parent":0,"menu_order":0,"comment_status":"closed","ping_status":"closed","template":"elementor_header_footer","meta":{"footnotes":""},"class_list":["post-12","page","type-page","status-publish","hentry"],"_links":{"self":[{"href":"https:\/\/1sitewebpro.fr\/plomberie\/wp-json\/wp\/v2\/pages\/12","targetHints":{"allow":["GET"]}}],"collection":[{"href":"https:\/\/1sitewebpro.fr\/plomberie\/wp-json\/wp\/v2\/pages"}],"about":[{"href":"https:\/\/1sitewebpro.fr\/plomberie\/wp-json\/wp\/v2\/types\/page"}],"author":[{"embeddable":true,"href":"https:\/\/1sitewebpro.fr\/plomberie\/wp-json\/wp\/v2\/users\/1"}],"replies":[{"embeddable":true,"href":"https:\/\/1sitewebpro.fr\/plomberie\/wp-json\/wp\/v2\/comments?post=12"}],"version-history":[{"count":19,"href":"https:\/\/1sitewebpro.fr\/plomberie\/wp-json\/wp\/v2\/pages\/12\/revisions"}],"predecessor-version":[{"id":455,"href":"https:\/\/1sitewebpro.fr\/plomberie\/wp-json\/wp\/v2\/pages\/12\/revisions\/455"}],"wp:attachment":[{"href":"https:\/\/1sitewebpro.fr\/plomberie\/wp-json\/wp\/v2\/media?parent=12"}],"curies":[{"name":"wp","href":"https:\/\/api.w.org\/{rel}","templated":true}]}}