{"id":16,"date":"2021-11-16T17:28:44","date_gmt":"2021-11-16T16:28:44","guid":{"rendered":"https:\/\/1sitewebpro.fr\/plomberie\/?page_id=16"},"modified":"2022-04-28T15:54:53","modified_gmt":"2022-04-28T13:54:53","slug":"notre-equipe","status":"publish","type":"page","link":"https:\/\/1sitewebpro.fr\/plomberie\/notre-equipe\/","title":{"rendered":"Notre \u00e9quipe"},"content":{"rendered":"<style>.elementor-16 .elementor-element.elementor-element-588dd1d:not(.elementor-motion-effects-element-type-background), .elementor-16 .elementor-element.elementor-element-588dd1d > .elementor-motion-effects-container > .elementor-motion-effects-layer{background-image:url(\"https:\/\/1sitewebpro.fr\/plomberie\/wp-content\/uploads\/sites\/4\/2021\/11\/plomberie-equipe-top-1.jpg\");background-position:center center;background-repeat:no-repeat;background-size:cover;}.elementor-16 .elementor-element.elementor-element-588dd1d > .elementor-background-overlay{background-color:#000000;opacity:0.5;transition:background 0.3s, border-radius 0.3s, opacity 0.3s;}.elementor-16 .elementor-element.elementor-element-588dd1d{transition:background 0.3s, border 0.3s, border-radius 0.3s, box-shadow 0.3s;margin-top:-40px;margin-bottom:0px;padding:160px 0px 120px 0px;}.elementor-widget-heading .elementor-heading-title{font-family:var( --e-global-typography-primary-font-family ), Sans-serif;font-weight:var( --e-global-typography-primary-font-weight );color:var( --e-global-color-primary );}.elementor-16 .elementor-element.elementor-element-6da146e3{text-align:center;}.elementor-16 .elementor-element.elementor-element-6da146e3 .elementor-heading-title{font-family:\"Arima Madurai\", Sans-serif;font-size:50px;font-weight:600;color:#FFFFFF;}.elementor-widget-button .elementor-button{font-family:var( --e-global-typography-accent-font-family ), Sans-serif;font-weight:var( --e-global-typography-accent-font-weight );background-color:var( --e-global-color-accent );}.elementor-16 .elementor-element.elementor-element-a32c4e5 .elementor-button{font-family:\"Roboto\", Sans-serif;font-size:21px;font-weight:500;fill:#FFFFFF;color:#FFFFFF;background-color:#5FBFD8;border-style:solid;border-width:1px 1px 1px 1px;border-color:var( --e-global-color-text );border-radius:0px 0px 0px 0px;}.elementor-16 .elementor-element.elementor-element-a32c4e5{width:auto;max-width:auto;bottom:0px;z-index:10;}body:not(.rtl) .elementor-16 .elementor-element.elementor-element-a32c4e5{right:0px;}body.rtl .elementor-16 .elementor-element.elementor-element-a32c4e5{left:0px;}.elementor-16 .elementor-element.elementor-element-3c045112 > .elementor-container{max-width:1250px;}.elementor-16 .elementor-element.elementor-element-3c045112:not(.elementor-motion-effects-element-type-background), .elementor-16 .elementor-element.elementor-element-3c045112 > .elementor-motion-effects-container > .elementor-motion-effects-layer{background-color:#F2F3F6;}.elementor-16 .elementor-element.elementor-element-3c045112{transition:background 0.3s, border 0.3s, border-radius 0.3s, box-shadow 0.3s;padding:50px 0px 60px 0px;}.elementor-16 .elementor-element.elementor-element-3c045112 > .elementor-background-overlay{transition:background 0.3s, border-radius 0.3s, opacity 0.3s;}.elementor-16 .elementor-element.elementor-element-45206bc{text-align:start;}.elementor-16 .elementor-element.elementor-element-45206bc .elementor-heading-title{color:var( --e-global-color-text );}.elementor-16 .elementor-element.elementor-element-316941f3{text-align:start;}.elementor-16 .elementor-element.elementor-element-316941f3 .elementor-heading-title{font-family:var( --e-global-typography-secondary-font-family ), Sans-serif;font-weight:var( --e-global-typography-secondary-font-weight );color:#42A3E9;}.elementor-16 .elementor-element.elementor-element-316941f3 > .elementor-widget-container{margin:0px 0px 20px 0px;}.elementor-16 .elementor-element.elementor-element-6b516f1f > .elementor-container{max-width:1250px;}.elementor-16 .elementor-element.elementor-element-6b516f1f{margin-top:10px;margin-bottom:0px;}.elementor-widget-image .widget-image-caption{color:var( --e-global-color-text );font-family:var( --e-global-typography-text-font-family ), Sans-serif;font-weight:var( --e-global-typography-text-font-weight );}.elementor-16 .elementor-element.elementor-element-41702b7 img{border-style:solid;border-width:2px 2px 2px 2px;border-color:var( --e-global-color-primary );border-radius:3px 3px 3px 3px;}.elementor-16 .elementor-element.elementor-element-7297fde{text-align:center;}.elementor-16 .elementor-element.elementor-element-7297fde .elementor-heading-title{font-family:var( --e-global-typography-secondary-font-family ), Sans-serif;font-weight:var( --e-global-typography-secondary-font-weight );color:#42A3E9;}.elementor-16 .elementor-element.elementor-element-7297fde > .elementor-widget-container{margin:0px 0px 10px 0px;}.elementor-widget-text-editor{font-family:var( --e-global-typography-text-font-family ), Sans-serif;font-weight:var( --e-global-typography-text-font-weight );color:var( --e-global-color-text );}.elementor-widget-text-editor.elementor-drop-cap-view-stacked .elementor-drop-cap{background-color:var( --e-global-color-primary );}.elementor-widget-text-editor.elementor-drop-cap-view-framed .elementor-drop-cap, .elementor-widget-text-editor.elementor-drop-cap-view-default .elementor-drop-cap{color:var( --e-global-color-primary );border-color:var( --e-global-color-primary );}.elementor-16 .elementor-element.elementor-element-f46a35c{text-align:justify;font-family:\"Roboto\", Sans-serif;font-size:19px;font-weight:400;color:var( --e-global-color-secondary );}.elementor-16 .elementor-element.elementor-element-91f5ee5 img{border-style:solid;border-width:2px 2px 2px 2px;border-color:var( --e-global-color-primary );border-radius:3px 3px 3px 3px;}.elementor-16 .elementor-element.elementor-element-81ae75d{text-align:center;}.elementor-16 .elementor-element.elementor-element-81ae75d .elementor-heading-title{font-family:var( --e-global-typography-secondary-font-family ), Sans-serif;font-weight:var( --e-global-typography-secondary-font-weight );color:#42A3E9;}.elementor-16 .elementor-element.elementor-element-81ae75d > .elementor-widget-container{margin:0px 0px 10px 0px;}.elementor-16 .elementor-element.elementor-element-1a43227{text-align:justify;font-family:\"Roboto\", Sans-serif;font-size:19px;font-weight:400;color:var( --e-global-color-secondary );}.elementor-16 .elementor-element.elementor-element-82136e8 img{border-style:solid;border-width:2px 2px 2px 2px;border-color:var( --e-global-color-primary );border-radius:3px 3px 3px 3px;}.elementor-16 .elementor-element.elementor-element-01cf2a9{text-align:center;}.elementor-16 .elementor-element.elementor-element-01cf2a9 .elementor-heading-title{font-family:var( --e-global-typography-secondary-font-family ), Sans-serif;font-weight:var( --e-global-typography-secondary-font-weight );color:#42A3E9;}.elementor-16 .elementor-element.elementor-element-01cf2a9 > .elementor-widget-container{margin:0px 0px 10px 0px;}.elementor-16 .elementor-element.elementor-element-43a0673{text-align:justify;font-family:\"Roboto\", Sans-serif;font-size:19px;font-weight:400;color:var( --e-global-color-secondary );}@media(max-width:1024px) and (min-width:768px){.elementor-16 .elementor-element.elementor-element-2d0fdb27{width:50%;}.elementor-16 .elementor-element.elementor-element-cce9b18{width:50%;}.elementor-16 .elementor-element.elementor-element-a8ab01c{width:50%;}}@media(max-width:1024px){.elementor-16 .elementor-element.elementor-element-a32c4e5 .elementor-button{font-size:19px;border-width:1px 1px 1px 1px;}.elementor-16 .elementor-element.elementor-element-a32c4e5{width:auto;max-width:auto;}}@media(max-width:767px){.elementor-16 .elementor-element.elementor-element-588dd1d{margin-top:-20px;margin-bottom:0px;padding:80px 0px 60px 0px;}.elementor-16 .elementor-element.elementor-element-6da146e3 .elementor-heading-title{font-size:40px;}.elementor-16 .elementor-element.elementor-element-3c045112{padding:050px 0px 30px 0px;}.elementor-16 .elementor-element.elementor-element-2d0fdb27 > .elementor-element-populated{padding:5px 5px 30px 5px;}.elementor-16 .elementor-element.elementor-element-f46a35c{font-size:18px;}.elementor-16 .elementor-element.elementor-element-cce9b18 > .elementor-element-populated{padding:5px 5px 30px 5px;}.elementor-16 .elementor-element.elementor-element-1a43227{font-size:18px;}.elementor-16 .elementor-element.elementor-element-a8ab01c > .elementor-element-populated{padding:5px 5px 5px 5px;}.elementor-16 .elementor-element.elementor-element-43a0673{font-size:18px;}}\/* Start custom CSS for section, class: .elementor-element-6b516f1f *\/.exad-team-member-about {\n\ttext-align:justify;\n}\n\n\/* bug du module team member, paliatif *\/\n\n.elementor-element-122548cb > div:nth-child(1) > div:nth-child(1) > div:nth-child(1) > div:nth-child(2) > div:nth-child(3) \n{font-style:italic;\n    font-size: 18px\n}\n\n.elementor-element-4cef3d93 > div:nth-child(1) > div:nth-child(1) > div:nth-child(1) > div:nth-child(2) > div:nth-child(3)\n{font-style:italic;\n    font-size: 18px\n}\n\n.elementor-element-13fedcc7 > div:nth-child(1) > div:nth-child(1) > div:nth-child(1) > div:nth-child(2) > div:nth-child(3)\n{font-style:italic;\n    font-size: 18px\n}\/* End custom CSS *\/<\/style>\t\t<div data-elementor-type=\"wp-page\" data-elementor-id=\"16\" class=\"elementor elementor-16\" data-elementor-post-type=\"page\">\n\t\t\t\t\t\t<section class=\"elementor-section elementor-top-section elementor-element elementor-element-588dd1d elementor-section-boxed elementor-section-height-default elementor-section-height-default\" data-id=\"588dd1d\" data-element_type=\"section\" data-e-type=\"section\" data-settings=\"{&quot;background_background&quot;:&quot;classic&quot;}\">\n\t\t\t\t\t\t\t<div class=\"elementor-background-overlay\"><\/div>\n\t\t\t\t\t\t\t<div class=\"elementor-container elementor-column-gap-default\">\n\t\t\t\t\t<div class=\"elementor-column elementor-col-100 elementor-top-column elementor-element elementor-element-40b4dd1e\" data-id=\"40b4dd1e\" data-element_type=\"column\" data-e-type=\"column\">\n\t\t\t<div class=\"elementor-widget-wrap elementor-element-populated\">\n\t\t\t\t\t\t<div class=\"elementor-element elementor-element-6da146e3 elementor-widget elementor-widget-heading\" data-id=\"6da146e3\" data-element_type=\"widget\" data-e-type=\"widget\" data-widget_type=\"heading.default\">\n\t\t\t\t<div class=\"elementor-widget-container\">\n\t\t\t\t\t<h1 class=\"elementor-heading-title elementor-size-default\">Notre \u00e9quipe<\/h1>\t\t\t\t<\/div>\n\t\t\t\t<\/div>\n\t\t\t\t<div class=\"elementor-element elementor-element-a32c4e5 elementor-align-center elementor-widget__width-auto elementor-widget-tablet__width-auto elementor-fixed elementor-widget elementor-widget-button\" data-id=\"a32c4e5\" data-element_type=\"widget\" data-e-type=\"widget\" data-settings=\"{&quot;_position&quot;:&quot;fixed&quot;}\" data-widget_type=\"button.default\">\n\t\t\t\t<div class=\"elementor-widget-container\">\n\t\t\t\t\t\t\t\t\t<div class=\"elementor-button-wrapper\">\n\t\t\t\t\t<a class=\"elementor-button elementor-button-link elementor-size-md\" href=\"https:\/\/1sitewebpro.fr\">\n\t\t\t\t\t\t<span class=\"elementor-button-content-wrapper\">\n\t\t\t\t\t\t\t\t\t<span class=\"elementor-button-text\">Revenir sur 1sitewebpro.fr<\/span>\n\t\t\t\t\t<\/span>\n\t\t\t\t\t<\/a>\n\t\t\t\t<\/div>\n\t\t\t\t\t\t\t\t<\/div>\n\t\t\t\t<\/div>\n\t\t\t\t\t<\/div>\n\t\t<\/div>\n\t\t\t\t\t<\/div>\n\t\t<\/section>\n\t\t\t\t<section class=\"elementor-section elementor-top-section elementor-element elementor-element-3c045112 elementor-section-boxed elementor-section-height-default elementor-section-height-default\" data-id=\"3c045112\" data-element_type=\"section\" data-e-type=\"section\" data-settings=\"{&quot;background_background&quot;:&quot;classic&quot;}\">\n\t\t\t\t\t\t<div class=\"elementor-container elementor-column-gap-default\">\n\t\t\t\t\t<div class=\"elementor-column elementor-col-100 elementor-top-column elementor-element elementor-element-23f4000\" data-id=\"23f4000\" data-element_type=\"column\" data-e-type=\"column\">\n\t\t\t<div class=\"elementor-widget-wrap elementor-element-populated\">\n\t\t\t\t\t\t<div class=\"elementor-element elementor-element-45206bc animated-slow elementor-invisible elementor-widget elementor-widget-heading\" data-id=\"45206bc\" data-element_type=\"widget\" data-e-type=\"widget\" data-settings=\"{&quot;_animation&quot;:&quot;fadeInLeft&quot;}\" data-widget_type=\"heading.default\">\n\t\t\t\t<div class=\"elementor-widget-container\">\n\t\t\t\t\t<h5 class=\"elementor-heading-title elementor-size-default\">Notre \u00e9quipe<\/h5>\t\t\t\t<\/div>\n\t\t\t\t<\/div>\n\t\t\t\t<div class=\"elementor-element elementor-element-316941f3 elementor-widget elementor-widget-heading\" data-id=\"316941f3\" data-element_type=\"widget\" data-e-type=\"widget\" data-widget_type=\"heading.default\">\n\t\t\t\t<div class=\"elementor-widget-container\">\n\t\t\t\t\t<h2 class=\"elementor-heading-title elementor-size-default\">Des professionnels \u00e0 votre service<\/h2>\t\t\t\t<\/div>\n\t\t\t\t<\/div>\n\t\t\t\t<section class=\"elementor-section elementor-inner-section elementor-element elementor-element-6b516f1f elementor-section-boxed elementor-section-height-default elementor-section-height-default elementor-invisible\" data-id=\"6b516f1f\" data-element_type=\"section\" data-e-type=\"section\" data-settings=\"{&quot;animation&quot;:&quot;fadeIn&quot;}\">\n\t\t\t\t\t\t<div class=\"elementor-container elementor-column-gap-wide\">\n\t\t\t\t\t<div class=\"elementor-column elementor-col-33 elementor-inner-column elementor-element elementor-element-2d0fdb27\" data-id=\"2d0fdb27\" data-element_type=\"column\" data-e-type=\"column\">\n\t\t\t<div class=\"elementor-widget-wrap elementor-element-populated\">\n\t\t\t\t\t\t<div class=\"elementor-element elementor-element-41702b7 elementor-widget elementor-widget-image\" data-id=\"41702b7\" data-element_type=\"widget\" data-e-type=\"widget\" data-widget_type=\"image.default\">\n\t\t\t\t<div class=\"elementor-widget-container\">\n\t\t\t\t\t\t\t\t\t\t\t\t\t\t\t<img fetchpriority=\"high\" decoding=\"async\" width=\"800\" height=\"999\" src=\"https:\/\/1sitewebpro.fr\/plomberie\/wp-content\/uploads\/sites\/4\/2021\/11\/team-plombier1.jpg\" class=\"attachment-large size-large wp-image-213\" alt=\"Plombier 1\" srcset=\"https:\/\/1sitewebpro.fr\/plomberie\/wp-content\/uploads\/sites\/4\/2021\/11\/team-plombier1.jpg 820w, https:\/\/1sitewebpro.fr\/plomberie\/wp-content\/uploads\/sites\/4\/2021\/11\/team-plombier1-240x300.jpg 240w, https:\/\/1sitewebpro.fr\/plomberie\/wp-content\/uploads\/sites\/4\/2021\/11\/team-plombier1-768x959.jpg 768w\" sizes=\"(max-width: 800px) 100vw, 800px\" \/>\t\t\t\t\t\t\t\t\t\t\t\t\t\t\t<\/div>\n\t\t\t\t<\/div>\n\t\t\t\t<div class=\"elementor-element elementor-element-7297fde elementor-widget elementor-widget-heading\" data-id=\"7297fde\" data-element_type=\"widget\" data-e-type=\"widget\" data-widget_type=\"heading.default\">\n\t\t\t\t<div class=\"elementor-widget-container\">\n\t\t\t\t\t<h3 class=\"elementor-heading-title elementor-size-default\">Alan (g\u00e9rant)<\/h3>\t\t\t\t<\/div>\n\t\t\t\t<\/div>\n\t\t\t\t<div class=\"elementor-element elementor-element-f46a35c elementor-widget elementor-widget-text-editor\" data-id=\"f46a35c\" data-element_type=\"widget\" data-e-type=\"widget\" data-widget_type=\"text-editor.default\">\n\t\t\t\t<div class=\"elementor-widget-container\">\n\t\t\t\t\t\t\t\t\t<p>G\u00e9rant de AV Plomberie et professionnel de la plomberie depuis 15 ans, j&rsquo;accompagne nos clients tout au long de la r\u00e9alisation de leur projet. N&rsquo;attendez plus pour nous contacter !<\/p>\t\t\t\t\t\t\t\t<\/div>\n\t\t\t\t<\/div>\n\t\t\t\t\t<\/div>\n\t\t<\/div>\n\t\t\t\t<div class=\"elementor-column elementor-col-33 elementor-inner-column elementor-element elementor-element-cce9b18\" data-id=\"cce9b18\" data-element_type=\"column\" data-e-type=\"column\">\n\t\t\t<div class=\"elementor-widget-wrap elementor-element-populated\">\n\t\t\t\t\t\t<div class=\"elementor-element elementor-element-91f5ee5 elementor-widget elementor-widget-image\" data-id=\"91f5ee5\" data-element_type=\"widget\" data-e-type=\"widget\" data-widget_type=\"image.default\">\n\t\t\t\t<div class=\"elementor-widget-container\">\n\t\t\t\t\t\t\t\t\t\t\t\t\t\t\t<img decoding=\"async\" width=\"800\" height=\"999\" src=\"https:\/\/1sitewebpro.fr\/plomberie\/wp-content\/uploads\/sites\/4\/2021\/11\/team-plombier2.jpg\" class=\"attachment-large size-large wp-image-218\" alt=\"Plombier 2\" srcset=\"https:\/\/1sitewebpro.fr\/plomberie\/wp-content\/uploads\/sites\/4\/2021\/11\/team-plombier2.jpg 820w, https:\/\/1sitewebpro.fr\/plomberie\/wp-content\/uploads\/sites\/4\/2021\/11\/team-plombier2-240x300.jpg 240w, https:\/\/1sitewebpro.fr\/plomberie\/wp-content\/uploads\/sites\/4\/2021\/11\/team-plombier2-768x959.jpg 768w\" sizes=\"(max-width: 800px) 100vw, 800px\" \/>\t\t\t\t\t\t\t\t\t\t\t\t\t\t\t<\/div>\n\t\t\t\t<\/div>\n\t\t\t\t<div class=\"elementor-element elementor-element-81ae75d elementor-widget elementor-widget-heading\" data-id=\"81ae75d\" data-element_type=\"widget\" data-e-type=\"widget\" data-widget_type=\"heading.default\">\n\t\t\t\t<div class=\"elementor-widget-container\">\n\t\t\t\t\t<h3 class=\"elementor-heading-title elementor-size-default\">Eric<\/h3>\t\t\t\t<\/div>\n\t\t\t\t<\/div>\n\t\t\t\t<div class=\"elementor-element elementor-element-1a43227 elementor-widget elementor-widget-text-editor\" data-id=\"1a43227\" data-element_type=\"widget\" data-e-type=\"widget\" data-widget_type=\"text-editor.default\">\n\t\t\t\t<div class=\"elementor-widget-container\">\n\t\t\t\t\t\t\t\t\t<p>Passionn\u00e9 par mon m\u00e9tier de plombier-chauffagiste, je vous conseille dans vos choix d\u2019\u00e9l\u00e9ments-sanitaire et je m\u2019assure que vous n\u2019aurez pas de probl\u00e8mes \u00e0 l\u2019avenir. <\/p>\t\t\t\t\t\t\t\t<\/div>\n\t\t\t\t<\/div>\n\t\t\t\t\t<\/div>\n\t\t<\/div>\n\t\t\t\t<div class=\"elementor-column elementor-col-33 elementor-inner-column elementor-element elementor-element-a8ab01c\" data-id=\"a8ab01c\" data-element_type=\"column\" data-e-type=\"column\">\n\t\t\t<div class=\"elementor-widget-wrap elementor-element-populated\">\n\t\t\t\t\t\t<div class=\"elementor-element elementor-element-82136e8 elementor-widget elementor-widget-image\" data-id=\"82136e8\" data-element_type=\"widget\" data-e-type=\"widget\" data-widget_type=\"image.default\">\n\t\t\t\t<div class=\"elementor-widget-container\">\n\t\t\t\t\t\t\t\t\t\t\t\t\t\t\t<img decoding=\"async\" width=\"800\" height=\"999\" src=\"https:\/\/1sitewebpro.fr\/plomberie\/wp-content\/uploads\/sites\/4\/2021\/11\/team-plombier3.jpg\" class=\"attachment-large size-large wp-image-219\" alt=\"Plombier 3\" srcset=\"https:\/\/1sitewebpro.fr\/plomberie\/wp-content\/uploads\/sites\/4\/2021\/11\/team-plombier3.jpg 820w, https:\/\/1sitewebpro.fr\/plomberie\/wp-content\/uploads\/sites\/4\/2021\/11\/team-plombier3-240x300.jpg 240w, https:\/\/1sitewebpro.fr\/plomberie\/wp-content\/uploads\/sites\/4\/2021\/11\/team-plombier3-768x959.jpg 768w\" sizes=\"(max-width: 800px) 100vw, 800px\" \/>\t\t\t\t\t\t\t\t\t\t\t\t\t\t\t<\/div>\n\t\t\t\t<\/div>\n\t\t\t\t<div class=\"elementor-element elementor-element-01cf2a9 elementor-widget elementor-widget-heading\" data-id=\"01cf2a9\" data-element_type=\"widget\" data-e-type=\"widget\" data-widget_type=\"heading.default\">\n\t\t\t\t<div class=\"elementor-widget-container\">\n\t\t\t\t\t<h3 class=\"elementor-heading-title elementor-size-default\">Antoine<\/h3>\t\t\t\t<\/div>\n\t\t\t\t<\/div>\n\t\t\t\t<div class=\"elementor-element elementor-element-43a0673 elementor-widget elementor-widget-text-editor\" data-id=\"43a0673\" data-element_type=\"widget\" data-e-type=\"widget\" data-widget_type=\"text-editor.default\">\n\t\t\t\t<div class=\"elementor-widget-container\">\n\t\t\t\t\t\t\t\t\t<p>Technicien qualifi\u00e9 depuis 5 ans, je travaille sur nos chantiers de plomberie, de l&rsquo;arriv\u00e9e d&rsquo;eau jusqu&rsquo;aux \u00e9vacuations. L&rsquo;installation de vos circuits de chauffage n&rsquo;a pas de secret non plus pour moi.<\/p>\t\t\t\t\t\t\t\t<\/div>\n\t\t\t\t<\/div>\n\t\t\t\t\t<\/div>\n\t\t<\/div>\n\t\t\t\t\t<\/div>\n\t\t<\/section>\n\t\t\t\t\t<\/div>\n\t\t<\/div>\n\t\t\t\t\t<\/div>\n\t\t<\/section>\n\t\t\t\t<\/div>\n\t\t","protected":false},"excerpt":{"rendered":"<p>Notre \u00e9quipe Revenir sur 1sitewebpro.fr Notre \u00e9quipe Des professionnels \u00e0 votre service Alan (g\u00e9rant) G\u00e9rant de AV Plomberie et professionnel de la plomberie depuis 15 ans, j&rsquo;accompagne nos clients tout au long de la r\u00e9alisation de leur projet. N&rsquo;attendez plus pour nous contacter ! Eric Passionn\u00e9 par mon m\u00e9tier de plombier-chauffagiste, je vous conseille dans [&hellip;]<\/p>\n","protected":false},"author":1,"featured_media":0,"parent":0,"menu_order":0,"comment_status":"closed","ping_status":"closed","template":"elementor_header_footer","meta":{"footnotes":""},"class_list":["post-16","page","type-page","status-publish","hentry"],"_links":{"self":[{"href":"https:\/\/1sitewebpro.fr\/plomberie\/wp-json\/wp\/v2\/pages\/16","targetHints":{"allow":["GET"]}}],"collection":[{"href":"https:\/\/1sitewebpro.fr\/plomberie\/wp-json\/wp\/v2\/pages"}],"about":[{"href":"https:\/\/1sitewebpro.fr\/plomberie\/wp-json\/wp\/v2\/types\/page"}],"author":[{"embeddable":true,"href":"https:\/\/1sitewebpro.fr\/plomberie\/wp-json\/wp\/v2\/users\/1"}],"replies":[{"embeddable":true,"href":"https:\/\/1sitewebpro.fr\/plomberie\/wp-json\/wp\/v2\/comments?post=16"}],"version-history":[{"count":46,"href":"https:\/\/1sitewebpro.fr\/plomberie\/wp-json\/wp\/v2\/pages\/16\/revisions"}],"predecessor-version":[{"id":448,"href":"https:\/\/1sitewebpro.fr\/plomberie\/wp-json\/wp\/v2\/pages\/16\/revisions\/448"}],"wp:attachment":[{"href":"https:\/\/1sitewebpro.fr\/plomberie\/wp-json\/wp\/v2\/media?parent=16"}],"curies":[{"name":"wp","href":"https:\/\/api.w.org\/{rel}","templated":true}]}}