{"id":9,"date":"2021-11-16T17:28:06","date_gmt":"2021-11-16T16:28:06","guid":{"rendered":"https:\/\/1sitewebpro.fr\/plomberie\/?page_id=9"},"modified":"2022-04-13T12:46:15","modified_gmt":"2022-04-13T10:46:15","slug":"faq","status":"publish","type":"page","link":"https:\/\/1sitewebpro.fr\/plomberie\/faq\/","title":{"rendered":"FAQ"},"content":{"rendered":"<style>.elementor-9 .elementor-element.elementor-element-78240e4:not(.elementor-motion-effects-element-type-background), .elementor-9 .elementor-element.elementor-element-78240e4 > .elementor-motion-effects-container > .elementor-motion-effects-layer{background-image:url(\"https:\/\/1sitewebpro.fr\/plomberie\/wp-content\/uploads\/sites\/4\/2021\/11\/contact-plomberie-1.jpg\");background-position:0px 15%;background-repeat:no-repeat;background-size:cover;}.elementor-9 .elementor-element.elementor-element-78240e4 > .elementor-background-overlay{background-color:#000000;opacity:0.6;transition:background 0.3s, border-radius 0.3s, opacity 0.3s;}.elementor-9 .elementor-element.elementor-element-78240e4{transition:background 0.3s, border 0.3s, border-radius 0.3s, box-shadow 0.3s;margin-top:-40px;margin-bottom:0px;padding:160px 0px 120px 0px;}.elementor-widget-heading .elementor-heading-title{font-family:var( --e-global-typography-primary-font-family ), Sans-serif;font-weight:var( --e-global-typography-primary-font-weight );color:var( --e-global-color-primary );}.elementor-9 .elementor-element.elementor-element-18c0b72e{text-align:center;}.elementor-9 .elementor-element.elementor-element-18c0b72e .elementor-heading-title{font-family:\"Arima Madurai\", Sans-serif;font-size:50px;font-weight:600;color:#FFFFFF;}.elementor-widget-button .elementor-button{font-family:var( --e-global-typography-accent-font-family ), Sans-serif;font-weight:var( --e-global-typography-accent-font-weight );background-color:var( --e-global-color-accent );}.elementor-9 .elementor-element.elementor-element-f913d69 .elementor-button{font-family:\"Roboto\", Sans-serif;font-size:21px;font-weight:500;fill:#FFFFFF;color:#FFFFFF;background-color:#5FBFD8;border-style:solid;border-width:1px 1px 1px 1px;border-color:var( --e-global-color-text );border-radius:0px 0px 0px 0px;}.elementor-9 .elementor-element.elementor-element-f913d69{width:auto;max-width:auto;bottom:0px;z-index:10;}body:not(.rtl) .elementor-9 .elementor-element.elementor-element-f913d69{right:0px;}body.rtl .elementor-9 .elementor-element.elementor-element-f913d69{left:0px;}.elementor-9 .elementor-element.elementor-element-5c7bd46d > .elementor-container{max-width:1250px;}.elementor-9 .elementor-element.elementor-element-5c7bd46d > .elementor-background-overlay{opacity:0.5;transition:background 0.3s, border-radius 0.3s, opacity 0.3s;}.elementor-9 .elementor-element.elementor-element-5c7bd46d{transition:background 0.3s, border 0.3s, border-radius 0.3s, box-shadow 0.3s;padding:60px 0px 40px 0px;}.elementor-9 .elementor-element.elementor-element-37be50d8.elementor-column > .elementor-widget-wrap{justify-content:center;}.elementor-9 .elementor-element.elementor-element-6342aba7{text-align:start;}.elementor-9 .elementor-element.elementor-element-6342aba7 .elementor-heading-title{color:var( --e-global-color-secondary );}.elementor-9 .elementor-element.elementor-element-6342aba7 > .elementor-widget-container{margin:0px 0px 0px 0px;padding:0px 0px 0px 0px;}.elementor-9 .elementor-element.elementor-element-5c02e8b9{text-align:start;}.elementor-9 .elementor-element.elementor-element-5c02e8b9 .elementor-heading-title{font-family:var( --e-global-typography-secondary-font-family ), Sans-serif;font-weight:var( --e-global-typography-secondary-font-weight );color:var( --e-global-color-primary );}.elementor-9 .elementor-element.elementor-element-5c02e8b9 > .elementor-widget-container{margin:0px 0px 0px 0px;padding:0px 0px 0px 0px;}.elementor-9 .elementor-element.elementor-element-25e4a444{margin-top:40px;margin-bottom:0px;}.elementor-9 .elementor-element.elementor-element-40c46c07 > .elementor-element-populated{margin:0px 20px 0px 0px;--e-column-margin-right:20px;--e-column-margin-left:0px;}.elementor-widget-toggle .elementor-toggle-title, .elementor-widget-toggle .elementor-toggle-icon{color:var( --e-global-color-primary );}.elementor-widget-toggle .elementor-toggle-icon svg{fill:var( --e-global-color-primary );}.elementor-widget-toggle .elementor-tab-title.elementor-active a, .elementor-widget-toggle .elementor-tab-title.elementor-active .elementor-toggle-icon{color:var( --e-global-color-accent );}.elementor-widget-toggle .elementor-toggle-title{font-family:var( --e-global-typography-primary-font-family ), Sans-serif;font-weight:var( --e-global-typography-primary-font-weight );}.elementor-widget-toggle .elementor-tab-content{color:var( --e-global-color-text );font-family:var( --e-global-typography-text-font-family ), Sans-serif;font-weight:var( --e-global-typography-text-font-weight );}.elementor-9 .elementor-element.elementor-element-c122591 .elementor-tab-title{border-width:1px;}.elementor-9 .elementor-element.elementor-element-c122591 .elementor-tab-content{border-width:1px;font-family:\"Roboto\", Sans-serif;font-size:18px;font-weight:400;}.elementor-9 .elementor-element.elementor-element-c122591 .elementor-toggle-title, .elementor-9 .elementor-element.elementor-element-c122591 .elementor-toggle-icon{color:var( --e-global-color-text );}.elementor-9 .elementor-element.elementor-element-c122591 .elementor-toggle-icon svg{fill:var( --e-global-color-text );}.elementor-9 .elementor-element.elementor-element-c122591 .elementor-tab-title.elementor-active a, .elementor-9 .elementor-element.elementor-element-c122591 .elementor-tab-title.elementor-active .elementor-toggle-icon{color:var( --e-global-color-primary );}.elementor-9 .elementor-element.elementor-element-c122591 .elementor-toggle-title{font-family:\"Roboto Slab\", Sans-serif;font-size:23px;font-weight:400;}.elementor-9 .elementor-element.elementor-element-c122591 .elementor-tab-title .elementor-toggle-icon i:before{color:var( --e-global-color-text );}.elementor-9 .elementor-element.elementor-element-c122591 .elementor-tab-title .elementor-toggle-icon svg{fill:var( --e-global-color-text );}.elementor-9 .elementor-element.elementor-element-c122591 .elementor-tab-title.elementor-active .elementor-toggle-icon i:before{color:var( --e-global-color-primary );}.elementor-9 .elementor-element.elementor-element-c122591 .elementor-tab-title.elementor-active .elementor-toggle-icon svg{fill:var( --e-global-color-primary );}.elementor-9 .elementor-element.elementor-element-4326331 > .elementor-element-populated{margin:0px 20px 0px 0px;--e-column-margin-right:20px;--e-column-margin-left:0px;}.elementor-9 .elementor-element.elementor-element-7a434c6 .elementor-tab-title{border-width:1px;}.elementor-9 .elementor-element.elementor-element-7a434c6 .elementor-tab-content{border-width:1px;font-family:\"Roboto\", Sans-serif;font-size:18px;font-weight:400;}.elementor-9 .elementor-element.elementor-element-7a434c6 .elementor-toggle-title, .elementor-9 .elementor-element.elementor-element-7a434c6 .elementor-toggle-icon{color:var( --e-global-color-text );}.elementor-9 .elementor-element.elementor-element-7a434c6 .elementor-toggle-icon svg{fill:var( --e-global-color-text );}.elementor-9 .elementor-element.elementor-element-7a434c6 .elementor-tab-title.elementor-active a, .elementor-9 .elementor-element.elementor-element-7a434c6 .elementor-tab-title.elementor-active .elementor-toggle-icon{color:var( --e-global-color-primary );}.elementor-9 .elementor-element.elementor-element-7a434c6 .elementor-toggle-title{font-family:\"Roboto Slab\", Sans-serif;font-size:23px;font-weight:400;}.elementor-9 .elementor-element.elementor-element-7a434c6 .elementor-tab-title .elementor-toggle-icon i:before{color:var( --e-global-color-text );}.elementor-9 .elementor-element.elementor-element-7a434c6 .elementor-tab-title .elementor-toggle-icon svg{fill:var( --e-global-color-text );}.elementor-9 .elementor-element.elementor-element-7a434c6 .elementor-tab-title.elementor-active .elementor-toggle-icon i:before{color:var( --e-global-color-primary );}.elementor-9 .elementor-element.elementor-element-7a434c6 .elementor-tab-title.elementor-active .elementor-toggle-icon svg{fill:var( --e-global-color-primary );}.elementor-9 .elementor-element.elementor-element-71d9184{padding:0px 0px 60px 0px;}.elementor-9 .elementor-element.elementor-element-dbdb798{text-align:end;}.elementor-9 .elementor-element.elementor-element-dbdb798 .elementor-heading-title{font-family:\"Roboto\", Sans-serif;font-size:16px;font-weight:400;font-style:italic;color:var( --e-global-color-text );}@media(max-width:1024px){.elementor-9 .elementor-element.elementor-element-78240e4:not(.elementor-motion-effects-element-type-background), .elementor-9 .elementor-element.elementor-element-78240e4 > .elementor-motion-effects-container > .elementor-motion-effects-layer{background-position:0px 0px;}.elementor-9 .elementor-element.elementor-element-f913d69 .elementor-button{font-size:19px;border-width:1px 1px 1px 1px;}.elementor-9 .elementor-element.elementor-element-f913d69{width:auto;max-width:auto;}.elementor-9 .elementor-element.elementor-element-5c7bd46d{padding:60px 10px 60px 10px;}}@media(max-width:767px){.elementor-9 .elementor-element.elementor-element-78240e4:not(.elementor-motion-effects-element-type-background), .elementor-9 .elementor-element.elementor-element-78240e4 > .elementor-motion-effects-container > .elementor-motion-effects-layer{background-position:0px 0px;}.elementor-9 .elementor-element.elementor-element-78240e4{margin-top:-20px;margin-bottom:0px;padding:80px 0px 60px 0px;}.elementor-9 .elementor-element.elementor-element-18c0b72e .elementor-heading-title{font-size:40px;}.elementor-9 .elementor-element.elementor-element-5c7bd46d{padding:40px 10px 40px 10px;}.elementor-9 .elementor-element.elementor-element-25e4a444{margin-top:20px;margin-bottom:0px;}.elementor-9 .elementor-element.elementor-element-40c46c07 > .elementor-element-populated{margin:0px 0px 0px 0px;--e-column-margin-right:0px;--e-column-margin-left:0px;}.elementor-9 .elementor-element.elementor-element-4326331 > .elementor-element-populated{margin:0px 0px 0px 0px;--e-column-margin-right:0px;--e-column-margin-left:0px;}.elementor-9 .elementor-element.elementor-element-dbdb798 .elementor-heading-title{font-size:15px;}}<\/style>\t\t<div data-elementor-type=\"wp-page\" data-elementor-id=\"9\" class=\"elementor elementor-9\" data-elementor-post-type=\"page\">\n\t\t\t\t\t\t<section class=\"elementor-section elementor-top-section elementor-element elementor-element-78240e4 elementor-section-boxed elementor-section-height-default elementor-section-height-default\" data-id=\"78240e4\" data-element_type=\"section\" data-e-type=\"section\" data-settings=\"{&quot;background_background&quot;:&quot;classic&quot;}\">\n\t\t\t\t\t\t\t<div class=\"elementor-background-overlay\"><\/div>\n\t\t\t\t\t\t\t<div class=\"elementor-container elementor-column-gap-default\">\n\t\t\t\t\t<div class=\"elementor-column elementor-col-100 elementor-top-column elementor-element elementor-element-66d923f3\" data-id=\"66d923f3\" data-element_type=\"column\" data-e-type=\"column\">\n\t\t\t<div class=\"elementor-widget-wrap elementor-element-populated\">\n\t\t\t\t\t\t<div class=\"elementor-element elementor-element-18c0b72e elementor-widget elementor-widget-heading\" data-id=\"18c0b72e\" data-element_type=\"widget\" data-e-type=\"widget\" data-widget_type=\"heading.default\">\n\t\t\t\t<div class=\"elementor-widget-container\">\n\t\t\t\t\t<h1 class=\"elementor-heading-title elementor-size-default\">FAQ<\/h1>\t\t\t\t<\/div>\n\t\t\t\t<\/div>\n\t\t\t\t<div class=\"elementor-element elementor-element-f913d69 elementor-align-center elementor-widget__width-auto elementor-widget-tablet__width-auto elementor-fixed elementor-widget elementor-widget-button\" data-id=\"f913d69\" data-element_type=\"widget\" data-e-type=\"widget\" data-settings=\"{&quot;_position&quot;:&quot;fixed&quot;}\" data-widget_type=\"button.default\">\n\t\t\t\t<div class=\"elementor-widget-container\">\n\t\t\t\t\t\t\t\t\t<div class=\"elementor-button-wrapper\">\n\t\t\t\t\t<a class=\"elementor-button elementor-button-link elementor-size-md\" href=\"https:\/\/1sitewebpro.fr\">\n\t\t\t\t\t\t<span class=\"elementor-button-content-wrapper\">\n\t\t\t\t\t\t\t\t\t<span class=\"elementor-button-text\">Revenir sur 1sitewebpro.fr<\/span>\n\t\t\t\t\t<\/span>\n\t\t\t\t\t<\/a>\n\t\t\t\t<\/div>\n\t\t\t\t\t\t\t\t<\/div>\n\t\t\t\t<\/div>\n\t\t\t\t\t<\/div>\n\t\t<\/div>\n\t\t\t\t\t<\/div>\n\t\t<\/section>\n\t\t\t\t<section class=\"elementor-section elementor-top-section elementor-element elementor-element-5c7bd46d elementor-section-boxed elementor-section-height-default elementor-section-height-default\" data-id=\"5c7bd46d\" data-element_type=\"section\" data-e-type=\"section\" data-settings=\"{&quot;background_background&quot;:&quot;classic&quot;}\">\n\t\t\t\t\t\t\t<div class=\"elementor-background-overlay\"><\/div>\n\t\t\t\t\t\t\t<div class=\"elementor-container elementor-column-gap-default\">\n\t\t\t\t\t<div class=\"elementor-column elementor-col-100 elementor-top-column elementor-element elementor-element-37be50d8\" data-id=\"37be50d8\" data-element_type=\"column\" data-e-type=\"column\">\n\t\t\t<div class=\"elementor-widget-wrap elementor-element-populated\">\n\t\t\t\t\t\t<div class=\"elementor-element elementor-element-6342aba7 animated-slow elementor-invisible elementor-widget elementor-widget-heading\" data-id=\"6342aba7\" data-element_type=\"widget\" data-e-type=\"widget\" data-settings=\"{&quot;_animation&quot;:&quot;fadeInLeft&quot;}\" data-widget_type=\"heading.default\">\n\t\t\t\t<div class=\"elementor-widget-container\">\n\t\t\t\t\t<h5 class=\"elementor-heading-title elementor-size-default\">Foire aux questions<\/h5>\t\t\t\t<\/div>\n\t\t\t\t<\/div>\n\t\t\t\t<div class=\"elementor-element elementor-element-5c02e8b9 elementor-widget elementor-widget-heading\" data-id=\"5c02e8b9\" data-element_type=\"widget\" data-e-type=\"widget\" data-widget_type=\"heading.default\">\n\t\t\t\t<div class=\"elementor-widget-container\">\n\t\t\t\t\t<h2 class=\"elementor-heading-title elementor-size-default\">Questions les plus pos\u00e9es<\/h2>\t\t\t\t<\/div>\n\t\t\t\t<\/div>\n\t\t\t\t<section class=\"elementor-section elementor-inner-section elementor-element elementor-element-25e4a444 elementor-section-full_width elementor-section-height-default elementor-section-height-default\" data-id=\"25e4a444\" data-element_type=\"section\" data-e-type=\"section\">\n\t\t\t\t\t\t<div class=\"elementor-container elementor-column-gap-no\">\n\t\t\t\t\t<div class=\"elementor-column elementor-col-50 elementor-inner-column elementor-element elementor-element-40c46c07\" data-id=\"40c46c07\" data-element_type=\"column\" data-e-type=\"column\">\n\t\t\t<div class=\"elementor-widget-wrap elementor-element-populated\">\n\t\t\t\t\t\t<div class=\"elementor-element elementor-element-c122591 elementor-widget elementor-widget-toggle\" data-id=\"c122591\" data-element_type=\"widget\" data-e-type=\"widget\" data-widget_type=\"toggle.default\">\n\t\t\t\t<div class=\"elementor-widget-container\">\n\t\t\t\t\t\t\t<div class=\"elementor-toggle\">\n\t\t\t\t\t\t\t<div class=\"elementor-toggle-item\">\n\t\t\t\t\t<div id=\"elementor-tab-title-2021\" class=\"elementor-tab-title\" data-tab=\"1\" role=\"button\" aria-controls=\"elementor-tab-content-2021\" aria-expanded=\"false\">\n\t\t\t\t\t\t\t\t\t\t\t\t<span class=\"elementor-toggle-icon elementor-toggle-icon-left\" aria-hidden=\"true\">\n\t\t\t\t\t\t\t\t\t\t\t\t\t\t\t<span class=\"elementor-toggle-icon-closed\"><i class=\"fas fa-caret-right\"><\/i><\/span>\n\t\t\t\t\t\t\t\t<span class=\"elementor-toggle-icon-opened\"><i class=\"elementor-toggle-icon-opened fas fa-caret-up\"><\/i><\/span>\n\t\t\t\t\t\t\t\t\t\t\t\t\t<\/span>\n\t\t\t\t\t\t\t\t\t\t\t\t<a class=\"elementor-toggle-title\" tabindex=\"0\">Vais-je avoir une surprise sur ma facture ?<\/a>\n\t\t\t\t\t<\/div>\n\n\t\t\t\t\t<div id=\"elementor-tab-content-2021\" class=\"elementor-tab-content elementor-clearfix\" data-tab=\"1\" role=\"region\" aria-labelledby=\"elementor-tab-title-2021\"><p>Le tarif indiqu\u00e9 avant la prise de rendez-vous est celui qui correspond \u00e0 vos r\u00e9ponses du diagnostic. Autrement dit, lorsque nous arriverons chez vous, nous contr\u00f4lons avant l\u2019intervention le d\u00e9tail des travaux. S\u2019il y a une diff\u00e9rence, rassurez-vous, aucune intervention n\u2019est r\u00e9alis\u00e9e sans votre accord. Si vous souhaitez un devis et refusez l\u2019intervention, nous ne facturons aucun d\u00e9placement.<\/p><\/div>\n\t\t\t\t<\/div>\n\t\t\t\t\t\t\t<div class=\"elementor-toggle-item\">\n\t\t\t\t\t<div id=\"elementor-tab-title-2022\" class=\"elementor-tab-title\" data-tab=\"2\" role=\"button\" aria-controls=\"elementor-tab-content-2022\" aria-expanded=\"false\">\n\t\t\t\t\t\t\t\t\t\t\t\t<span class=\"elementor-toggle-icon elementor-toggle-icon-left\" aria-hidden=\"true\">\n\t\t\t\t\t\t\t\t\t\t\t\t\t\t\t<span class=\"elementor-toggle-icon-closed\"><i class=\"fas fa-caret-right\"><\/i><\/span>\n\t\t\t\t\t\t\t\t<span class=\"elementor-toggle-icon-opened\"><i class=\"elementor-toggle-icon-opened fas fa-caret-up\"><\/i><\/span>\n\t\t\t\t\t\t\t\t\t\t\t\t\t<\/span>\n\t\t\t\t\t\t\t\t\t\t\t\t<a class=\"elementor-toggle-title\" tabindex=\"0\">Vos r\u00e9parations sont-elles garanties ?<\/a>\n\t\t\t\t\t<\/div>\n\n\t\t\t\t\t<div id=\"elementor-tab-content-2022\" class=\"elementor-tab-content elementor-clearfix\" data-tab=\"2\" role=\"region\" aria-labelledby=\"elementor-tab-title-2022\"><p>Nos r\u00e9parations sont garanties 3 mois sur la main d\u2019\u0153uvre et le temps de la garantie pour la marchandise install\u00e9e.<br \/>De m\u00eame notre garantie d\u00e9cennale couvre durant 10 ans apr\u00e8s les travaux, les dommages caus\u00e9s.<\/p><\/div>\n\t\t\t\t<\/div>\n\t\t\t\t\t\t\t\t<\/div>\n\t\t\t\t\t\t<\/div>\n\t\t\t\t<\/div>\n\t\t\t\t\t<\/div>\n\t\t<\/div>\n\t\t\t\t<div class=\"elementor-column elementor-col-50 elementor-inner-column elementor-element elementor-element-4326331\" data-id=\"4326331\" data-element_type=\"column\" data-e-type=\"column\">\n\t\t\t<div class=\"elementor-widget-wrap elementor-element-populated\">\n\t\t\t\t\t\t<div class=\"elementor-element elementor-element-7a434c6 elementor-widget elementor-widget-toggle\" data-id=\"7a434c6\" data-element_type=\"widget\" data-e-type=\"widget\" data-widget_type=\"toggle.default\">\n\t\t\t\t<div class=\"elementor-widget-container\">\n\t\t\t\t\t\t\t<div class=\"elementor-toggle\">\n\t\t\t\t\t\t\t<div class=\"elementor-toggle-item\">\n\t\t\t\t\t<div id=\"elementor-tab-title-1281\" class=\"elementor-tab-title\" data-tab=\"1\" role=\"button\" aria-controls=\"elementor-tab-content-1281\" aria-expanded=\"false\">\n\t\t\t\t\t\t\t\t\t\t\t\t<span class=\"elementor-toggle-icon elementor-toggle-icon-left\" aria-hidden=\"true\">\n\t\t\t\t\t\t\t\t\t\t\t\t\t\t\t<span class=\"elementor-toggle-icon-closed\"><i class=\"fas fa-caret-right\"><\/i><\/span>\n\t\t\t\t\t\t\t\t<span class=\"elementor-toggle-icon-opened\"><i class=\"elementor-toggle-icon-opened fas fa-caret-up\"><\/i><\/span>\n\t\t\t\t\t\t\t\t\t\t\t\t\t<\/span>\n\t\t\t\t\t\t\t\t\t\t\t\t<a class=\"elementor-toggle-title\" tabindex=\"0\">Quel est le d\u00e9lai d\u2019intervention en cas d\u2019urgence ?<\/a>\n\t\t\t\t\t<\/div>\n\n\t\t\t\t\t<div id=\"elementor-tab-content-1281\" class=\"elementor-tab-content elementor-clearfix\" data-tab=\"1\" role=\"region\" aria-labelledby=\"elementor-tab-title-1281\"><p>Nous r\u00e9servons toujours quelques cr\u00e9neaux pour les d\u00e9pannages d\u2019urgence (non visible depuis le site internet), N\u2019h\u00e9sitez pas \u00e0 nous contacter par t\u00e9l\u00e9phone.<\/p><\/div>\n\t\t\t\t<\/div>\n\t\t\t\t\t\t\t\t<\/div>\n\t\t\t\t\t\t<\/div>\n\t\t\t\t<\/div>\n\t\t\t\t\t<\/div>\n\t\t<\/div>\n\t\t\t\t\t<\/div>\n\t\t<\/section>\n\t\t\t\t\t<\/div>\n\t\t<\/div>\n\t\t\t\t\t<\/div>\n\t\t<\/section>\n\t\t\t\t<section class=\"elementor-section elementor-top-section elementor-element elementor-element-71d9184 elementor-section-boxed elementor-section-height-default elementor-section-height-default\" data-id=\"71d9184\" data-element_type=\"section\" data-e-type=\"section\">\n\t\t\t\t\t\t<div class=\"elementor-container elementor-column-gap-default\">\n\t\t\t\t\t<div class=\"elementor-column elementor-col-100 elementor-top-column elementor-element elementor-element-2cc3229\" data-id=\"2cc3229\" data-element_type=\"column\" data-e-type=\"column\">\n\t\t\t<div class=\"elementor-widget-wrap elementor-element-populated\">\n\t\t\t\t\t\t<div class=\"elementor-element elementor-element-dbdb798 elementor-widget elementor-widget-heading\" data-id=\"dbdb798\" data-element_type=\"widget\" data-e-type=\"widget\" data-widget_type=\"heading.default\">\n\t\t\t\t<div class=\"elementor-widget-container\">\n\t\t\t\t\t<div class=\"elementor-heading-title elementor-size-default\"><a href=\"https:\/\/zeplombier.fr\" target=\"_blank\" rel=\"noopener\">Textes emprunt\u00e9s \u00e0 https:\/\/zeplombier.fr pour le besoin de cette maquette.<\/a><\/div>\t\t\t\t<\/div>\n\t\t\t\t<\/div>\n\t\t\t\t\t<\/div>\n\t\t<\/div>\n\t\t\t\t\t<\/div>\n\t\t<\/section>\n\t\t\t\t<\/div>\n\t\t","protected":false},"excerpt":{"rendered":"<p>FAQ Revenir sur 1sitewebpro.fr Foire aux questions Questions les plus pos\u00e9es Vais-je avoir une surprise sur ma facture ? Le tarif indiqu\u00e9 avant la prise de rendez-vous est celui qui correspond \u00e0 vos r\u00e9ponses du diagnostic. Autrement dit, lorsque nous arriverons chez vous, nous contr\u00f4lons avant l\u2019intervention le d\u00e9tail des travaux. S\u2019il y a une [&hellip;]<\/p>\n","protected":false},"author":1,"featured_media":0,"parent":0,"menu_order":0,"comment_status":"closed","ping_status":"closed","template":"elementor_header_footer","meta":{"footnotes":""},"class_list":["post-9","page","type-page","status-publish","hentry"],"_links":{"self":[{"href":"https:\/\/1sitewebpro.fr\/plomberie\/wp-json\/wp\/v2\/pages\/9","targetHints":{"allow":["GET"]}}],"collection":[{"href":"https:\/\/1sitewebpro.fr\/plomberie\/wp-json\/wp\/v2\/pages"}],"about":[{"href":"https:\/\/1sitewebpro.fr\/plomberie\/wp-json\/wp\/v2\/types\/page"}],"author":[{"embeddable":true,"href":"https:\/\/1sitewebpro.fr\/plomberie\/wp-json\/wp\/v2\/users\/1"}],"replies":[{"embeddable":true,"href":"https:\/\/1sitewebpro.fr\/plomberie\/wp-json\/wp\/v2\/comments?post=9"}],"version-history":[{"count":46,"href":"https:\/\/1sitewebpro.fr\/plomberie\/wp-json\/wp\/v2\/pages\/9\/revisions"}],"predecessor-version":[{"id":462,"href":"https:\/\/1sitewebpro.fr\/plomberie\/wp-json\/wp\/v2\/pages\/9\/revisions\/462"}],"wp:attachment":[{"href":"https:\/\/1sitewebpro.fr\/plomberie\/wp-json\/wp\/v2\/media?parent=9"}],"curies":[{"name":"wp","href":"https:\/\/api.w.org\/{rel}","templated":true}]}}